{"id":17781,"date":"2016-06-22T08:18:13","date_gmt":"2016-06-22T13:18:13","guid":{"rendered":"https:\/\/hotelhaciendasupracafe.com\/experiences\/"},"modified":"2025-07-16T11:40:18","modified_gmt":"2025-07-16T16:40:18","slug":"experiences","status":"publish","type":"page","link":"https:\/\/hotelhaciendasupracafe.com\/en\/experiences\/","title":{"rendered":"Experiences"},"content":{"rendered":"<div id=\"cmsmasters_row_\" class=\"cmsmasters_row cmsmasters_color_scheme_default cmsmasters_row_top_default cmsmasters_row_bot_default cmsmasters_row_boxed\">\n<div class=\"cmsmasters_row_outer_parent\">\n<div class=\"cmsmasters_row_outer\">\n<div class=\"cmsmasters_row_inner\">\n<div class=\"cmsmasters_row_margin\">\n<div id=\"cmsmasters_column_\" class=\"cmsmasters_column one_first\">\n<div class=\"cmsmasters_column_inner\"><div class=\"cmsmasters_text\">\n<p>&nbsp;<\/p>\n<\/div>\n<\/div><\/div>\n<\/div>\n<\/div>\n<\/div>\n<\/div>\n<\/div>\n<div id=\"cmsmasters_row_d2317d916f\" class=\"cmsmasters_row cmsmasters_color_scheme_default cmsmasters_row_top_default cmsmasters_row_bot_default cmsmasters_row_boxed\">\n<div class=\"cmsmasters_row_outer_parent\">\n<div class=\"cmsmasters_row_outer\">\n<div class=\"cmsmasters_row_inner\">\n<div class=\"cmsmasters_row_margin\">\n<div id=\"cmsmasters_column_7e39b28b66\" class=\"cmsmasters_column one_first\">\n<div class=\"cmsmasters_column_inner\"><div id=\"cmsmasters_heading_f18576e171\" class=\"cmsmasters_heading_wrap cmsmasters_heading_align_center\">\n\t<h3 class=\"cmsmasters_heading\">Exclusive <\/h3>\n<\/div><div id=\"cmsmasters_heading_74ae092762\" class=\"cmsmasters_heading_wrap cmsmasters_heading_align_center\">\n\t<h2 class=\"cmsmasters_heading\">Experiences in Our Surroundings<\/h2>\n<\/div>\n<\/div><\/div>\n<\/div>\n<\/div>\n<\/div>\n<\/div>\n<\/div>\n<div id=\"cmsmasters_row_\" class=\"cmsmasters_row cmsmasters_color_scheme_default cmsmasters_row_top_default cmsmasters_row_bot_default cmsmasters_row_boxed\">\n<div class=\"cmsmasters_row_outer_parent\">\n<div class=\"cmsmasters_row_outer\">\n<div class=\"cmsmasters_row_inner\">\n<div class=\"cmsmasters_row_margin\">\n<div id=\"cmsmasters_column_\" class=\"cmsmasters_column one_first\">\n<div class=\"cmsmasters_column_inner\"><div class=\"cmsmasters_text\">\n<p style=\"text-align: center;\">Located in the heart of Popay\u00e1n, Hacienda Supracaf\u00e9 invites you to discover a place filled<\/p>\n<p style=\"text-align: center;\">with culture, art, nature, unique activities&#8230; and of course, exceptional coffee.<\/p>\n<\/div>\n<\/div><\/div>\n<\/div>\n<\/div>\n<\/div>\n<\/div>\n<\/div>\n<div id=\"cmsmasters_row_c0230f39ae\" class=\"cmsmasters_row cmsmasters_color_scheme_default cmsmasters_row_top_default cmsmasters_row_bot_default cmsmasters_row_boxed\">\n<div class=\"cmsmasters_row_outer_parent\">\n<div class=\"cmsmasters_row_outer\">\n<div class=\"cmsmasters_row_inner\">\n<div class=\"cmsmasters_row_margin cmsmasters_row_columns_behavior\">\n<div id=\"cmsmasters_column_354062bc95\" class=\"cmsmasters_column one_third\">\n<div class=\"cmsmasters_column_inner\"><div id=\"cmsmasters_fb_a0fc940f8c\" class=\"cmsmasters_featured_block\">\n<div class=\"featured_block_inner\">\n<div class=\"featured_block_text\">\n<h2 style=\"text-align: center;\"><span style=\"color: #ffffff; font-size: 30px; line-height: 40px;\">Visit to the Supracaf\u00e9 Factory<\/span><\/h2>\n<p style=\"text-align: center;\"><span style=\"color: #ffffff;\">A 1-hour and 40-minute guided tour where you\u2019ll explore key areas of the coffee production process, including pulping, hulling, and roasting.<\/span><\/p>\n\n<\/div>\n<\/div>\n<\/div>\n<\/div><\/div>\n<div id=\"cmsmasters_column_ec65c27b55\" class=\"cmsmasters_column one_third\">\n<div class=\"cmsmasters_column_inner\"><div id=\"cmsmasters_fb_8974fb01d9\" class=\"cmsmasters_featured_block\">\n<div class=\"featured_block_inner\">\n<div class=\"featured_block_text\">\n<h2 style=\"text-align: center;\"><span style=\"color: #ffffff; font-size: 30px; line-height: 40px;\">Visit to the Coffee Plantation<\/span><\/h2>\n<p>&nbsp;<\/p>\n<p style=\"text-align: center;\"><span style=\"color: #ffffff;\">This tour takes you through the coffee fields and crops, and includes a visit to the pulping, hulling, and roasting areas. The experience ends back at the hotel, where you can enjoy a cup of coffee or shop for our local products. <\/span><\/p>\n\n<\/div>\n<\/div>\n<\/div>\n<\/div><\/div>\n<div id=\"cmsmasters_column_650a88241a\" class=\"cmsmasters_column one_third\">\n<div class=\"cmsmasters_column_inner\"><div id=\"cmsmasters_fb_636b48b3b7\" class=\"cmsmasters_featured_block\">\n<div class=\"featured_block_inner\">\n<div class=\"featured_block_text\">\n<h2 style=\"text-align: center;\"><span style=\"color: #ffffff; font-size: 30px; line-height: 40px;\">Visit to Purac\u00e9 National Park<\/span><\/h2>\n<p style=\"text-align: center;\"><span style=\"color: #ffffff;\">One<\/span><\/p>\n\n<\/div>\n<\/div>\n<\/div>\n<\/div><\/div>\n<\/div>\n<\/div>\n<\/div>\n<\/div>\n<\/div>\n<div id=\"cmsmasters_row_a099888e69\" class=\"cmsmasters_row cmsmasters_color_scheme_default cmsmasters_row_top_default cmsmasters_row_bot_default cmsmasters_row_boxed\">\n<div class=\"cmsmasters_row_outer_parent\">\n<div class=\"cmsmasters_row_outer\">\n<div class=\"cmsmasters_row_inner\">\n<div class=\"cmsmasters_row_margin cmsmasters_row_columns_behavior\">\n<div id=\"cmsmasters_column_f3f3971b7c\" class=\"cmsmasters_column one_third\">\n<div class=\"cmsmasters_column_inner\"><div id=\"cmsmasters_fb_e9cb9b2f40\" class=\"cmsmasters_featured_block\">\n<div class=\"featured_block_inner\">\n<div class=\"featured_block_text\">\n<h2 style=\"text-align: center;\"><span style=\"color: #ffffff; font-size: 30px; line-height: 40px;\">Visit to Popay\u00e1n<\/span><\/h2>\n<p style=\"text-align: center;\"><span style=\"color: #ffffff;\">Explore the \u201cWhite City,\u201d one of Colombia\u2019s oldest towns. Stroll through Caldas Park, visit beautiful colonial churches, savor traditional cuisine, and discover all the cultural landmarks Popay\u00e1n has to offer. <\/span><\/p>\n\n<\/div>\n<\/div>\n<\/div>\n<\/div><\/div>\n<div id=\"cmsmasters_column_367c93cad9\" class=\"cmsmasters_column one_third\">\n<div class=\"cmsmasters_column_inner\"><div id=\"cmsmasters_fb_34c113344a\" class=\"cmsmasters_featured_block\">\n<div class=\"featured_block_inner\">\n<div class=\"featured_block_text\">\n<h2 style=\"text-align: center;\"><span style=\"color: #ffffff; font-size: 30px; line-height: 40px;\">Visit to the Hacienda<\/span><\/h2>\n<p style=\"text-align: center;\"><span style=\"color: #ffffff;\">Uncover the magical corners and secrets of Hacienda Supracaf\u00e9 on an immersive tour of this extraordinary place.<\/span><\/p>\n\n<\/div>\n<\/div>\n<\/div>\n<\/div><\/div>\n<div id=\"cmsmasters_column_d3826914bb\" class=\"cmsmasters_column one_third\">\n<div class=\"cmsmasters_column_inner\"><div id=\"cmsmasters_fb_ff1b85f1b0\" class=\"cmsmasters_featured_block\">\n<div class=\"featured_block_inner\">\n<div class=\"featured_block_text\">\n<h2 style=\"text-align: center;\"><span style=\"color: #ffffff; font-size: 30px; line-height: 40px;\">Coffee Tasting<\/span><\/h2>\n<p style=\"text-align: center;\"><span style=\"color: #ffffff;\">Our barista will guide you through a sensory experience explaining the types of coffee, roast levels, altitude of cultivation, origin (which of our farms it comes from), and different brewing methods.<\/span><\/p>\n\n<\/div>\n<\/div>\n<\/div>\n<\/div><\/div>\n<\/div>\n<\/div>\n<\/div>\n<\/div>\n<\/div>\n<div id=\"cmsmasters_row_5prhow67ox\" class=\"cmsmasters_row cmsmasters_color_scheme_default cmsmasters_row_top_default cmsmasters_row_bot_default cmsmasters_row_boxed\">\n<div class=\"cmsmasters_row_outer_parent\">\n<div class=\"cmsmasters_row_outer\">\n<div class=\"cmsmasters_row_inner\">\n<div class=\"cmsmasters_row_margin cmsmasters_row_columns_behavior\">\n<div id=\"cmsmasters_column_36c0w7acto\" class=\"cmsmasters_column one_third\">\n<div class=\"cmsmasters_column_inner\"><div id=\"cmsmasters_fb_lp6raxfyku\" class=\"cmsmasters_featured_block\">\n<div class=\"featured_block_inner\">\n<div class=\"featured_block_text\">\n<h2 style=\"text-align: center;\"><span style=\"color: #ffffff; font-size: 30px; line-height: 40px;\">Activities from Popay\u00e1n<\/span><\/h2>\n<p style=\"text-align: center;\"><span style=\"color: #ffffff;\">Popay\u00e1n serves as a gateway to nearby natural attractions such as the Coconuco hot springs, the town of Silvia, and excursions to the Huila region.<\/span><\/p>\n\n<\/div>\n<\/div>\n<\/div>\n<\/div><\/div>\n<div id=\"cmsmasters_column_r4k2umn6qx\" class=\"cmsmasters_column one_third\">\n<div class=\"cmsmasters_column_inner\"><div id=\"cmsmasters_fb_e164299d24\" class=\"cmsmasters_featured_block\">\n<div class=\"featured_block_inner\">\n<div class=\"featured_block_text\">\n<h2 style=\"text-align: center;\"><span style=\"color: #ffffff; font-size: 30px; line-height: 40px;\">Visit to Silvia<\/span><\/h2>\n<p style=\"text-align: center;\"><span style=\"color: #ffffff;\">Silvia is an indigenous town that preserves the customs of ancestral communities like the Nasa and P\u00e1ez. You can explore the town by mototaxi or on horseback, discover its rivers and lagoons, and even go fishing. <\/span><\/p>\n\n<\/div>\n<\/div>\n<\/div>\n<\/div><\/div>\n<div id=\"cmsmasters_column_kdsjok6a9j\" class=\"cmsmasters_column one_third\">\n<div class=\"cmsmasters_column_inner\"><\/div><\/div>\n<\/div>\n<\/div>\n<\/div>\n<\/div>\n<\/div>\n<div id=\"cmsmasters_row_cf3af2693c\" class=\"cmsmasters_row cmsmasters_color_scheme_default cmsmasters_row_top_default cmsmasters_row_bot_default cmsmasters_row_boxed\" data-stellar-background-ratio=\"0.7\">\n<div class=\"cmsmasters_row_outer_parent\">\n<div class=\"cmsmasters_row_outer\">\n<div class=\"cmsmasters_row_inner\">\n<div class=\"cmsmasters_row_margin\">\n<div id=\"cmsmasters_column_19e0578408\" class=\"cmsmasters_column one_first\">\n<div class=\"cmsmasters_column_inner\"><div id=\"cmsmasters_heading_d8456d5661\" class=\"cmsmasters_heading_wrap cmsmasters_heading_align_center\">\n\t<h3 class=\"cmsmasters_heading\">Experiences <\/h3>\n<\/div><div id=\"cmsmasters_heading_fcd096cad6\" class=\"cmsmasters_heading_wrap cmsmasters_heading_align_center\">\n\t<h2 class=\"cmsmasters_heading\">Discover <\/h2>\n<\/div><div id=\"cmsmasters_button_528fe69eda\" class=\"button_wrap\"><a href=\"https:\/\/hotelhaciendasupracafe.com\/reservas\/\" class=\"cmsmasters_button\"><span>Book<\/span><\/a><\/div>\n<\/div><\/div>\n<\/div>\n<\/div>\n<\/div>\n<\/div>\n<\/div>\n\n","protected":false},"excerpt":{"rendered":"","protected":false},"author":1,"featured_media":0,"parent":0,"menu_order":0,"comment_status":"closed","ping_status":"closed","template":"","meta":{"footnotes":""},"class_list":["post-17781","page","type-page","status-publish","hentry"],"yoast_head":"<!-- This site is optimized with the Yoast SEO plugin v27.4 - https:\/\/yoast.com\/product\/yoast-seo-wordpress\/ -->\n<title>Vive una experiencia \u00fanica en nuestro hotel<\/title>\n<meta name=\"description\" content=\"Vive una experiencia \u00fanica en nuestro hotel: Visita a la f\u00e1brica, el cafetal, el parque natural de Purace, Popay\u00e1n, catas de caf\u00e9...\" \/>\n<meta name=\"robots\" content=\"index, follow, max-snippet:-1, max-image-preview:large, max-video-preview:-1\" \/>\n<link rel=\"canonical\" href=\"https:\/\/hotelhaciendasupracafe.com\/en\/experiences\/\" \/>\n<meta property=\"og:locale\" content=\"en_US\" \/>\n<meta property=\"og:type\" content=\"article\" \/>\n<meta property=\"og:title\" content=\"Vive una experiencia \u00fanica en nuestro hotel\" \/>\n<meta property=\"og:description\" content=\"Vive una experiencia \u00fanica en nuestro hotel: Visita a la f\u00e1brica, el cafetal, el parque natural de Purace, Popay\u00e1n, catas de caf\u00e9...\" \/>\n<meta property=\"og:url\" content=\"https:\/\/hotelhaciendasupracafe.com\/en\/experiences\/\" \/>\n<meta property=\"og:site_name\" content=\"hotelhaciendasupracafe.com\" \/>\n<meta property=\"article:modified_time\" content=\"2025-07-16T16:40:18+00:00\" \/>\n<meta name=\"twitter:card\" content=\"summary_large_image\" \/>\n<meta name=\"twitter:label1\" content=\"Est. reading time\" \/>\n\t<meta name=\"twitter:data1\" content=\"3 minutes\" \/>\n<script type=\"application\/ld+json\" class=\"yoast-schema-graph\">{\"@context\":\"https:\\\/\\\/schema.org\",\"@graph\":[{\"@type\":\"WebPage\",\"@id\":\"https:\\\/\\\/hotelhaciendasupracafe.com\\\/en\\\/experiences\\\/\",\"url\":\"https:\\\/\\\/hotelhaciendasupracafe.com\\\/en\\\/experiences\\\/\",\"name\":\"Vive una experiencia \u00fanica en nuestro hotel\",\"isPartOf\":{\"@id\":\"https:\\\/\\\/hotelhaciendasupracafe.com\\\/en\\\/#website\"},\"datePublished\":\"2016-06-22T13:18:13+00:00\",\"dateModified\":\"2025-07-16T16:40:18+00:00\",\"description\":\"Vive una experiencia \u00fanica en nuestro hotel: Visita a la f\u00e1brica, el cafetal, el parque natural de Purace, Popay\u00e1n, catas de caf\u00e9...\",\"breadcrumb\":{\"@id\":\"https:\\\/\\\/hotelhaciendasupracafe.com\\\/en\\\/experiences\\\/#breadcrumb\"},\"inLanguage\":\"en-US\",\"potentialAction\":[{\"@type\":\"ReadAction\",\"target\":[\"https:\\\/\\\/hotelhaciendasupracafe.com\\\/en\\\/experiences\\\/\"]}]},{\"@type\":\"BreadcrumbList\",\"@id\":\"https:\\\/\\\/hotelhaciendasupracafe.com\\\/en\\\/experiences\\\/#breadcrumb\",\"itemListElement\":[{\"@type\":\"ListItem\",\"position\":1,\"name\":\"Home\",\"item\":\"https:\\\/\\\/hotelhaciendasupracafe.com\\\/en\\\/\"},{\"@type\":\"ListItem\",\"position\":2,\"name\":\"Experiences\"}]},{\"@type\":\"WebSite\",\"@id\":\"https:\\\/\\\/hotelhaciendasupracafe.com\\\/en\\\/#website\",\"url\":\"https:\\\/\\\/hotelhaciendasupracafe.com\\\/en\\\/\",\"name\":\"hotelhaciendasupracafe.com\",\"description\":\"\",\"publisher\":{\"@id\":\"https:\\\/\\\/hotelhaciendasupracafe.com\\\/en\\\/#organization\"},\"potentialAction\":[{\"@type\":\"SearchAction\",\"target\":{\"@type\":\"EntryPoint\",\"urlTemplate\":\"https:\\\/\\\/hotelhaciendasupracafe.com\\\/en\\\/?s={search_term_string}\"},\"query-input\":{\"@type\":\"PropertyValueSpecification\",\"valueRequired\":true,\"valueName\":\"search_term_string\"}}],\"inLanguage\":\"en-US\"},{\"@type\":\"Organization\",\"@id\":\"https:\\\/\\\/hotelhaciendasupracafe.com\\\/en\\\/#organization\",\"name\":\"hotelhaciendasupracafe.com\",\"url\":\"https:\\\/\\\/hotelhaciendasupracafe.com\\\/en\\\/\",\"logo\":{\"@type\":\"ImageObject\",\"inLanguage\":\"en-US\",\"@id\":\"https:\\\/\\\/hotelhaciendasupracafe.com\\\/en\\\/#\\\/schema\\\/logo\\\/image\\\/\",\"url\":\"https:\\\/\\\/hotelhaciendasupracafe.com\\\/wp-content\\\/uploads\\\/2023\\\/02\\\/logotipo-hacienda-03-1-scaled-e1676378977867.jpg\",\"contentUrl\":\"https:\\\/\\\/hotelhaciendasupracafe.com\\\/wp-content\\\/uploads\\\/2023\\\/02\\\/logotipo-hacienda-03-1-scaled-e1676378977867.jpg\",\"width\":250,\"height\":250,\"caption\":\"hotelhaciendasupracafe.com\"},\"image\":{\"@id\":\"https:\\\/\\\/hotelhaciendasupracafe.com\\\/en\\\/#\\\/schema\\\/logo\\\/image\\\/\"}}]}<\/script>\n<!-- \/ Yoast SEO plugin. -->","yoast_head_json":{"title":"Vive una experiencia \u00fanica en nuestro hotel","description":"Vive una experiencia \u00fanica en nuestro hotel: Visita a la f\u00e1brica, el cafetal, el parque natural de Purace, Popay\u00e1n, catas de caf\u00e9...","robots":{"index":"index","follow":"follow","max-snippet":"max-snippet:-1","max-image-preview":"max-image-preview:large","max-video-preview":"max-video-preview:-1"},"canonical":"https:\/\/hotelhaciendasupracafe.com\/en\/experiences\/","og_locale":"en_US","og_type":"article","og_title":"Vive una experiencia \u00fanica en nuestro hotel","og_description":"Vive una experiencia \u00fanica en nuestro hotel: Visita a la f\u00e1brica, el cafetal, el parque natural de Purace, Popay\u00e1n, catas de caf\u00e9...","og_url":"https:\/\/hotelhaciendasupracafe.com\/en\/experiences\/","og_site_name":"hotelhaciendasupracafe.com","article_modified_time":"2025-07-16T16:40:18+00:00","twitter_card":"summary_large_image","twitter_misc":{"Est. reading time":"3 minutes"},"schema":{"@context":"https:\/\/schema.org","@graph":[{"@type":"WebPage","@id":"https:\/\/hotelhaciendasupracafe.com\/en\/experiences\/","url":"https:\/\/hotelhaciendasupracafe.com\/en\/experiences\/","name":"Vive una experiencia \u00fanica en nuestro hotel","isPartOf":{"@id":"https:\/\/hotelhaciendasupracafe.com\/en\/#website"},"datePublished":"2016-06-22T13:18:13+00:00","dateModified":"2025-07-16T16:40:18+00:00","description":"Vive una experiencia \u00fanica en nuestro hotel: Visita a la f\u00e1brica, el cafetal, el parque natural de Purace, Popay\u00e1n, catas de caf\u00e9...","breadcrumb":{"@id":"https:\/\/hotelhaciendasupracafe.com\/en\/experiences\/#breadcrumb"},"inLanguage":"en-US","potentialAction":[{"@type":"ReadAction","target":["https:\/\/hotelhaciendasupracafe.com\/en\/experiences\/"]}]},{"@type":"BreadcrumbList","@id":"https:\/\/hotelhaciendasupracafe.com\/en\/experiences\/#breadcrumb","itemListElement":[{"@type":"ListItem","position":1,"name":"Home","item":"https:\/\/hotelhaciendasupracafe.com\/en\/"},{"@type":"ListItem","position":2,"name":"Experiences"}]},{"@type":"WebSite","@id":"https:\/\/hotelhaciendasupracafe.com\/en\/#website","url":"https:\/\/hotelhaciendasupracafe.com\/en\/","name":"hotelhaciendasupracafe.com","description":"","publisher":{"@id":"https:\/\/hotelhaciendasupracafe.com\/en\/#organization"},"potentialAction":[{"@type":"SearchAction","target":{"@type":"EntryPoint","urlTemplate":"https:\/\/hotelhaciendasupracafe.com\/en\/?s={search_term_string}"},"query-input":{"@type":"PropertyValueSpecification","valueRequired":true,"valueName":"search_term_string"}}],"inLanguage":"en-US"},{"@type":"Organization","@id":"https:\/\/hotelhaciendasupracafe.com\/en\/#organization","name":"hotelhaciendasupracafe.com","url":"https:\/\/hotelhaciendasupracafe.com\/en\/","logo":{"@type":"ImageObject","inLanguage":"en-US","@id":"https:\/\/hotelhaciendasupracafe.com\/en\/#\/schema\/logo\/image\/","url":"https:\/\/hotelhaciendasupracafe.com\/wp-content\/uploads\/2023\/02\/logotipo-hacienda-03-1-scaled-e1676378977867.jpg","contentUrl":"https:\/\/hotelhaciendasupracafe.com\/wp-content\/uploads\/2023\/02\/logotipo-hacienda-03-1-scaled-e1676378977867.jpg","width":250,"height":250,"caption":"hotelhaciendasupracafe.com"},"image":{"@id":"https:\/\/hotelhaciendasupracafe.com\/en\/#\/schema\/logo\/image\/"}}]}},"_links":{"self":[{"href":"https:\/\/hotelhaciendasupracafe.com\/en\/wp-json\/wp\/v2\/pages\/17781","targetHints":{"allow":["GET"]}}],"collection":[{"href":"https:\/\/hotelhaciendasupracafe.com\/en\/wp-json\/wp\/v2\/pages"}],"about":[{"href":"https:\/\/hotelhaciendasupracafe.com\/en\/wp-json\/wp\/v2\/types\/page"}],"author":[{"embeddable":true,"href":"https:\/\/hotelhaciendasupracafe.com\/en\/wp-json\/wp\/v2\/users\/1"}],"replies":[{"embeddable":true,"href":"https:\/\/hotelhaciendasupracafe.com\/en\/wp-json\/wp\/v2\/comments?post=17781"}],"version-history":[{"count":1,"href":"https:\/\/hotelhaciendasupracafe.com\/en\/wp-json\/wp\/v2\/pages\/17781\/revisions"}],"predecessor-version":[{"id":17782,"href":"https:\/\/hotelhaciendasupracafe.com\/en\/wp-json\/wp\/v2\/pages\/17781\/revisions\/17782"}],"wp:attachment":[{"href":"https:\/\/hotelhaciendasupracafe.com\/en\/wp-json\/wp\/v2\/media?parent=17781"}],"curies":[{"name":"wp","href":"https:\/\/api.w.org\/{rel}","templated":true}]}}