{"id":17794,"date":"2015-04-30T12:57:47","date_gmt":"2015-04-30T10:57:47","guid":{"rendered":"https:\/\/hotelhaciendasupracafe.com\/habitaciones-en-la-naturaleza\/"},"modified":"2015-04-30T12:57:47","modified_gmt":"2015-04-30T10:57:47","slug":"habitaciones-en-la-naturaleza","status":"publish","type":"page","link":"https:\/\/hotelhaciendasupracafe.com\/en\/habitaciones-en-la-naturaleza\/","title":{"rendered":"Habitaciones"},"content":{"rendered":"<div id=\"cmsmasters_row_3ee9d31b8a\" class=\"cmsmasters_row cmsmasters_color_scheme_default cmsmasters_row_top_default cmsmasters_row_bot_default cmsmasters_row_boxed\">\n<div class=\"cmsmasters_row_outer_parent\">\n<div class=\"cmsmasters_row_outer\">\n<div class=\"cmsmasters_row_inner\">\n<div class=\"cmsmasters_row_margin\">\n<div id=\"cmsmasters_column_cb955eb496\" class=\"cmsmasters_column one_first\">\n<div class=\"cmsmasters_column_inner\"><div id=\"portfolio_7594e26be6\" class=\"cmsmasters_wrap_portfolio entry-summary\" data-layout=\"grid\" data-layout-mode=\"perfect\" data-url=\"https:\/\/hotelhaciendasupracafe.com\/wp-content\/plugins\/cmsmasters-content-composer\/\" data-orderby=\"title\" data-order=\"DESC\" data-count=\"10\" data-categories=\"aire-acondicionado,amenities,bano,cable-tv,caja-fuerte,cama-kink-size,deluxe,minibar,plancha,reloj-despertador,ropa-de-cama,secador-de-pelo,servicio-de-habitaciones,telefono,television-de-pantalla-plana,toallas-y-albornoz,traslado,vistas-al-jardin-y-a-la-montana,wifi\" data-metadata=\"title,excerpt,categories,more,price\"><div class=\"cmsmasters_project_filter_wrap cmsmasters_items_filter_wrap\">\r\n\t\t<div class=\"cmsmasters_project_filter cmsmasters_items_filter\">\r\n\t\t\t<span class=\"cmsmasters_project_filter_loader cmsmasters_items_filter_loader\"><\/span><div class=\"cmsmasters_project_filter_block cmsmasters_items_filter_block\">\r\n\t\t\t\t\t<a class=\"cmsmasters_project_filter_but cmsmasters_items_filter_but cmsmasters_theme_icon_resp_nav button\">\r\n\t\t\t\t\t\t<span>Filter<\/span>\r\n\t\t\t\t\t<\/a>\r\n\t\t\t\t\t<ul class=\"cmsmasters_project_filter_list cmsmasters_items_filter_list\">\r\n\t\t\t\t\t\t<li class=\"current\">\r\n\t\t\t\t\t\t\t<a class=\"button\" data-filter=\"article.project\"  title=\"All Categories\" href=\"javascript:void(0)\">\r\n\t\t\t\t\t\t\t\t<span>All Categories<\/span>\r\n\t\t\t\t\t\t\t<\/a>\r\n\t\t\t\t\t\t<\/li><li>\r\n\t\t\t\t\t\t\t\t\t<a class=\"button\" href=\"#\" data-filter=\"article.project[data-category~='bano']\" title=\"Ba\u00f1o\">\r\n\t\t\t\t\t\t\t\t\t\t<span>Ba\u00f1o<\/span>\r\n\t\t\t\t\t\t\t\t\t<\/a>\r\n\t\t\t\t\t\t\t\t<\/li><li>\r\n\t\t\t\t\t\t\t\t\t<a class=\"button\" href=\"#\" data-filter=\"article.project[data-category~='cama-kink-size']\" title=\"Cama Kink Size\">\r\n\t\t\t\t\t\t\t\t\t\t<span>Cama Kink Size<\/span>\r\n\t\t\t\t\t\t\t\t\t<\/a>\r\n\t\t\t\t\t\t\t\t<\/li><li>\r\n\t\t\t\t\t\t\t\t\t<a class=\"button\" href=\"#\" data-filter=\"article.project[data-category~='minibar']\" title=\"Minibar\">\r\n\t\t\t\t\t\t\t\t\t\t<span>Minibar<\/span>\r\n\t\t\t\t\t\t\t\t\t<\/a>\r\n\t\t\t\t\t\t\t\t<\/li><li>\r\n\t\t\t\t\t\t\t\t\t<a class=\"button\" href=\"#\" data-filter=\"article.project[data-category~='reloj-despertador']\" title=\"Reloj despertador\">\r\n\t\t\t\t\t\t\t\t\t\t<span>Reloj despertador<\/span>\r\n\t\t\t\t\t\t\t\t\t<\/a>\r\n\t\t\t\t\t\t\t\t<\/li><li>\r\n\t\t\t\t\t\t\t\t\t<a class=\"button\" href=\"#\" data-filter=\"article.project[data-category~='secador-de-pelo']\" title=\"Secador de pelo\">\r\n\t\t\t\t\t\t\t\t\t\t<span>Secador de pelo<\/span>\r\n\t\t\t\t\t\t\t\t\t<\/a>\r\n\t\t\t\t\t\t\t\t<\/li><li>\r\n\t\t\t\t\t\t\t\t\t<a class=\"button\" href=\"#\" data-filter=\"article.project[data-category~='servicio-de-habitaciones']\" title=\"Servicio de habitaciones\">\r\n\t\t\t\t\t\t\t\t\t\t<span>Servicio de habitaciones<\/span>\r\n\t\t\t\t\t\t\t\t\t<\/a>\r\n\t\t\t\t\t\t\t\t<\/li><li>\r\n\t\t\t\t\t\t\t\t\t<a class=\"button\" href=\"#\" data-filter=\"article.project[data-category~='wifi']\" title=\"Wifi\">\r\n\t\t\t\t\t\t\t\t\t\t<span>Wifi<\/span>\r\n\t\t\t\t\t\t\t\t\t<\/a>\r\n\t\t\t\t\t\t\t\t<\/li><\/ul>\r\n\t\t\t\t<\/div><\/div>\r\n\t<\/div><div class=\"portfolio grid small_gap perfect cmsmasters_2\"><!-- Start Project Grid Article -->\r\n<article id=\"post-13815\" class=\"cmsmasters_project_grid post-13815 project type-project status-publish format-standard has-post-thumbnail hentry pj-categs-bano pj-categs-cama-kink-size pj-categs-minibar pj-categs-secador-de-pelo pj-categs-servicio-de-habitaciones\" data-category=\"bano cama-kink-size minibar secador-de-pelo servicio-de-habitaciones\">\r\n\t<div class=\"project_outer\">\r\n\t<div class=\"project_img_wrap\"><figure class=\"cmsmasters_img_rollover_wrap preloader\"><img loading=\"lazy\" decoding=\"async\" width=\"580\" height=\"420\" src=\"https:\/\/hotelhaciendasupracafe.com\/wp-content\/uploads\/2017\/05\/habitacion-suite-580x420.jpg\" class=\"full-width wp-post-image\" alt=\"Habitaci\u00f3n Suite\" title=\"habitacion-suite\" \/><a href=\"https:\/\/hotelhaciendasupracafe.com\/en\/habitaciones\/habitacion-suite-es-un-sueno-en-la-naturaleza\/\" title=\"Suite\" class=\"cmsmasters_open_link\"><\/a><\/figure><\/div><header class=\"cmsmasters_project_header entry-header\"><h3 class=\"cmsmasters_project_title entry-title\"><a href=\"https:\/\/hotelhaciendasupracafe.com\/en\/habitaciones\/habitacion-suite-es-un-sueno-en-la-naturaleza\/\">Suite<\/a><\/h3><\/header><div class=\"cmsmasters_project_cont_info_wrapper\"><span class=\"cmsmasters_project_price\">Desde 352.000$  \/ Noche<\/span><a class=\"cmsmasters_project_read_more\" href=\"https:\/\/hotelhaciendasupracafe.com\/en\/habitaciones\/habitacion-suite-es-un-sueno-en-la-naturaleza\/\">Leer m\u00e1s<\/a><\/div><div class=\"cmsmasters_project_content entry-content\">\n<p>La habitaci\u00f3n Suite elegante y luminosa, cuenta con dos zonas diferenciadas, la sala de estar compuesta por unas butacas y una mesa baja y un amplio dormitorio con una cama extragrande y un ba\u00f1o privado. Una habitaci\u00f3n considerada \u201cun sue\u00f1o en la naturaleza\u201d al despertarse con esas vistas. \u00a1Perfecta para disfrutar de unos d\u00edas de descanso!<\/p>\n<\/div>\n<footer class=\"cmsmasters_project_footer entry-meta\"><div class=\"cmsmasters_project_cont_info entry-meta\"><span class=\"cmsmasters_project_category\"><a href=\"https:\/\/hotelhaciendasupracafe.com\/en\/servicios-habitacion\/bano\/\" class=\"cmsmasters_cat_color cmsmasters_cat_23\" rel=\"category tag\">Ba\u00f1o<\/a> \/ <a href=\"https:\/\/hotelhaciendasupracafe.com\/en\/servicios-habitacion\/cama-kink-size\/\" class=\"cmsmasters_cat_color cmsmasters_cat_32\" rel=\"category tag\">Cama Kink Size<\/a> \/ <a href=\"https:\/\/hotelhaciendasupracafe.com\/en\/servicios-habitacion\/minibar\/\" class=\"cmsmasters_cat_color cmsmasters_cat_31\" rel=\"category tag\">Minibar<\/a> \/ <a href=\"https:\/\/hotelhaciendasupracafe.com\/en\/servicios-habitacion\/secador-de-pelo\/\" class=\"cmsmasters_cat_color cmsmasters_cat_29\" rel=\"category tag\">Secador de pelo<\/a> \/ <a href=\"https:\/\/hotelhaciendasupracafe.com\/en\/servicios-habitacion\/servicio-de-habitaciones\/\" class=\"cmsmasters_cat_color cmsmasters_cat_33\" rel=\"category tag\">Servicio de habitaciones<\/a><\/span><\/div><\/footer><span class=\"dn meta-date\">20170522100445<\/span>\t<\/div>\r\n<\/article>\r\n<!-- Finish Project Grid Article -->\r\n\r\n<!-- Start Project Grid Article -->\r\n<article id=\"post-13779\" class=\"cmsmasters_project_grid post-13779 project type-project status-publish format-standard has-post-thumbnail hentry pj-categs-bano pj-categs-es pj-categs-reloj-despertador pj-categs-secador-de-pelo pj-categs-servicio-de-habitaciones pj-categs-wifi\" data-category=\"bano es reloj-despertador secador-de-pelo servicio-de-habitaciones wifi\">\r\n\t<div class=\"project_outer\">\r\n\t<div class=\"project_img_wrap\"><figure class=\"cmsmasters_img_rollover_wrap preloader\"><img loading=\"lazy\" decoding=\"async\" width=\"580\" height=\"420\" src=\"https:\/\/hotelhaciendasupracafe.com\/wp-content\/uploads\/2017\/05\/habitacion-doble-580x420.jpg\" class=\"full-width wp-post-image\" alt=\"Foto habitaciones\" title=\"habitacion-doble\" \/><a href=\"https:\/\/hotelhaciendasupracafe.com\/en\/habitaciones\/habitacion-doble\/\" title=\"Habitaci\u00f3n Doble\" class=\"cmsmasters_open_link\"><\/a><\/figure><\/div><header class=\"cmsmasters_project_header entry-header\"><h3 class=\"cmsmasters_project_title entry-title\"><a href=\"https:\/\/hotelhaciendasupracafe.com\/en\/habitaciones\/habitacion-doble\/\">Habitaci\u00f3n Doble<\/a><\/h3><\/header><div class=\"cmsmasters_project_cont_info_wrapper\"><span class=\"cmsmasters_project_price\">Desde 255.000$ \/ Noche<\/span><a class=\"cmsmasters_project_read_more\" href=\"https:\/\/hotelhaciendasupracafe.com\/en\/habitaciones\/habitacion-doble\/\">Learn More<\/a><\/div><div class=\"cmsmasters_project_content entry-content\">\n<p>Las elegantes habitaciones dobles tienen un tama\u00f1o aproximado de 30 metros cuadrados. Disponen de una confortable cama grande, un escritorio independiente, ba\u00f1o, televisi\u00f3n de pantalla plana y suelo de baldosa\/m\u00e1rmol. Tambi\u00e9n, cuentan con una cuidada decoraci\u00f3n y unas apacibles vistas al jard\u00edn y la monta\u00f1a.<\/p>\n<\/div>\n<footer class=\"cmsmasters_project_footer entry-meta\"><div class=\"cmsmasters_project_cont_info entry-meta\"><span class=\"cmsmasters_project_category\"><a href=\"https:\/\/hotelhaciendasupracafe.com\/en\/servicios-habitacion\/bano\/\" class=\"cmsmasters_cat_color cmsmasters_cat_23\" rel=\"category tag\">Ba\u00f1o<\/a> \/ <a href=\"https:\/\/hotelhaciendasupracafe.com\/en\/servicios-habitacion\/es\/\" class=\"cmsmasters_cat_color cmsmasters_cat_72\" rel=\"category tag\">es<\/a> \/ <a href=\"https:\/\/hotelhaciendasupracafe.com\/en\/servicios-habitacion\/reloj-despertador\/\" class=\"cmsmasters_cat_color cmsmasters_cat_66\" rel=\"category tag\">Reloj despertador<\/a> \/ <a href=\"https:\/\/hotelhaciendasupracafe.com\/en\/servicios-habitacion\/secador-de-pelo\/\" class=\"cmsmasters_cat_color cmsmasters_cat_29\" rel=\"category tag\">Secador de pelo<\/a> \/ <a href=\"https:\/\/hotelhaciendasupracafe.com\/en\/servicios-habitacion\/servicio-de-habitaciones\/\" class=\"cmsmasters_cat_color cmsmasters_cat_33\" rel=\"category tag\">Servicio de habitaciones<\/a> \/ <a href=\"https:\/\/hotelhaciendasupracafe.com\/en\/servicios-habitacion\/wifi\/\" class=\"cmsmasters_cat_color cmsmasters_cat_62\" rel=\"category tag\">Wifi<\/a><\/span><\/div><\/footer><span class=\"dn meta-date\">20220522100225<\/span>\t<\/div>\r\n<\/article>\r\n<!-- Finish Project Grid Article -->\r\n\r\n<!-- Start Project Grid Article -->\r\n<article id=\"post-13885\" class=\"cmsmasters_project_grid post-13885 project type-project status-publish format-standard has-post-thumbnail hentry pj-categs-bano pj-categs-es pj-categs-reloj-despertador pj-categs-secador-de-pelo pj-categs-servicio-de-habitaciones pj-categs-wifi\" data-category=\"bano es reloj-despertador secador-de-pelo servicio-de-habitaciones wifi\">\r\n\t<div class=\"project_outer\">\r\n\t<div class=\"project_img_wrap\"><figure class=\"cmsmasters_img_rollover_wrap preloader\"><img loading=\"lazy\" decoding=\"async\" width=\"580\" height=\"420\" src=\"https:\/\/hotelhaciendasupracafe.com\/wp-content\/uploads\/2017\/05\/habitaciones-deluxe-2-camas-580x420.jpg\" class=\"full-width wp-post-image\" alt=\"Foto habitaciones\" title=\"habitaciones-deluxe-2-camas\" \/><a href=\"https:\/\/hotelhaciendasupracafe.com\/en\/habitaciones\/habitacion-doble-deluxe-1-o-2-camas-individuales\/\" title=\"Habitaci\u00f3n Deluxe 1 o 2 camas individuales\" class=\"cmsmasters_open_link\"><\/a><\/figure><\/div><header class=\"cmsmasters_project_header entry-header\"><h3 class=\"cmsmasters_project_title entry-title\"><a href=\"https:\/\/hotelhaciendasupracafe.com\/en\/habitaciones\/habitacion-doble-deluxe-1-o-2-camas-individuales\/\">Habitaci\u00f3n Deluxe 1 o 2 camas individuales<\/a><\/h3><\/header><div class=\"cmsmasters_project_cont_info_wrapper\"><span class=\"cmsmasters_project_price\">Desde 319.000$ \/ Noche<\/span><a class=\"cmsmasters_project_read_more\" href=\"https:\/\/hotelhaciendasupracafe.com\/en\/habitaciones\/habitacion-doble-deluxe-1-o-2-camas-individuales\/\">Learn More<\/a><\/div><div class=\"cmsmasters_project_content entry-content\">\n<p>Luxury Family Double Room Suite has a comfortable queen size or twin bed, a sitting area, separate desk and bathroom with walk-in rain dance shower or a bath and shower and modern art and neutral colors.<\/p>\n<\/div>\n<footer class=\"cmsmasters_project_footer entry-meta\"><div class=\"cmsmasters_project_cont_info entry-meta\"><span class=\"cmsmasters_project_category\"><a href=\"https:\/\/hotelhaciendasupracafe.com\/en\/servicios-habitacion\/bano\/\" class=\"cmsmasters_cat_color cmsmasters_cat_23\" rel=\"category tag\">Ba\u00f1o<\/a> \/ <a href=\"https:\/\/hotelhaciendasupracafe.com\/en\/servicios-habitacion\/es\/\" class=\"cmsmasters_cat_color cmsmasters_cat_72\" rel=\"category tag\">es<\/a> \/ <a href=\"https:\/\/hotelhaciendasupracafe.com\/en\/servicios-habitacion\/reloj-despertador\/\" class=\"cmsmasters_cat_color cmsmasters_cat_66\" rel=\"category tag\">Reloj despertador<\/a> \/ <a href=\"https:\/\/hotelhaciendasupracafe.com\/en\/servicios-habitacion\/secador-de-pelo\/\" class=\"cmsmasters_cat_color cmsmasters_cat_29\" rel=\"category tag\">Secador de pelo<\/a> \/ <a href=\"https:\/\/hotelhaciendasupracafe.com\/en\/servicios-habitacion\/servicio-de-habitaciones\/\" class=\"cmsmasters_cat_color cmsmasters_cat_33\" rel=\"category tag\">Servicio de habitaciones<\/a> \/ <a href=\"https:\/\/hotelhaciendasupracafe.com\/en\/servicios-habitacion\/wifi\/\" class=\"cmsmasters_cat_color cmsmasters_cat_62\" rel=\"category tag\">Wifi<\/a><\/span><\/div><\/footer><span class=\"dn meta-date\">20210522100844<\/span>\t<\/div>\r\n<\/article>\r\n<!-- Finish Project Grid Article -->\r\n\r\n<!-- Start Project Grid Article -->\r\n<article id=\"post-13916\" class=\"cmsmasters_project_grid post-13916 project type-project status-publish format-standard has-post-thumbnail hentry pj-categs-bano pj-categs-cama-kink-size pj-categs-es pj-categs-secador-de-pelo pj-categs-servicio-de-habitaciones pj-categs-wifi\" data-category=\"bano cama-kink-size es secador-de-pelo servicio-de-habitaciones wifi\">\r\n\t<div class=\"project_outer\">\r\n\t<div class=\"project_img_wrap\"><figure class=\"cmsmasters_img_rollover_wrap preloader\"><img loading=\"lazy\" decoding=\"async\" width=\"580\" height=\"420\" src=\"https:\/\/hotelhaciendasupracafe.com\/wp-content\/uploads\/2017\/05\/king-1-580x420.png\" class=\"full-width wp-post-image\" alt=\"Foto habitaciones\" title=\"king\" \/><a href=\"https:\/\/hotelhaciendasupracafe.com\/en\/habitaciones\/habitacion-deluxe-1-cama-grande\/\" title=\"Habitaci\u00f3n Deluxe 1 cama grande\" class=\"cmsmasters_open_link\"><\/a><\/figure><\/div><header class=\"cmsmasters_project_header entry-header\"><h3 class=\"cmsmasters_project_title entry-title\"><a href=\"https:\/\/hotelhaciendasupracafe.com\/en\/habitaciones\/habitacion-deluxe-1-cama-grande\/\">Habitaci\u00f3n Deluxe 1 cama grande<\/a><\/h3><\/header><div class=\"cmsmasters_project_cont_info_wrapper\"><span class=\"cmsmasters_project_price\">Desde 308.000$ \/ Noche<\/span><a class=\"cmsmasters_project_read_more\" href=\"https:\/\/hotelhaciendasupracafe.com\/en\/habitaciones\/habitacion-deluxe-1-cama-grande\/\">+ info<\/a><\/div><div class=\"cmsmasters_project_content entry-content\">\n<p>Habitaci\u00f3n Deluxe 30 m\u00b2 - 1 cama grande<br \/>\nVistas al jard\u00edn<br \/>\nVistas a la monta\u00f1a<br \/>\nBa\u00f1o en la habitaci\u00f3n<br \/>\nTV de pantalla<\/p>\n<\/div>\n<footer class=\"cmsmasters_project_footer entry-meta\"><div class=\"cmsmasters_project_cont_info entry-meta\"><span class=\"cmsmasters_project_category\"><a href=\"https:\/\/hotelhaciendasupracafe.com\/en\/servicios-habitacion\/bano\/\" class=\"cmsmasters_cat_color cmsmasters_cat_23\" rel=\"category tag\">Ba\u00f1o<\/a> \/ <a href=\"https:\/\/hotelhaciendasupracafe.com\/en\/servicios-habitacion\/cama-kink-size\/\" class=\"cmsmasters_cat_color cmsmasters_cat_32\" rel=\"category tag\">Cama Kink Size<\/a> \/ <a href=\"https:\/\/hotelhaciendasupracafe.com\/en\/servicios-habitacion\/es\/\" class=\"cmsmasters_cat_color cmsmasters_cat_72\" rel=\"category tag\">es<\/a> \/ <a href=\"https:\/\/hotelhaciendasupracafe.com\/en\/servicios-habitacion\/secador-de-pelo\/\" class=\"cmsmasters_cat_color cmsmasters_cat_29\" rel=\"category tag\">Secador de pelo<\/a> \/ <a href=\"https:\/\/hotelhaciendasupracafe.com\/en\/servicios-habitacion\/servicio-de-habitaciones\/\" class=\"cmsmasters_cat_color cmsmasters_cat_33\" rel=\"category tag\">Servicio de habitaciones<\/a> \/ <a href=\"https:\/\/hotelhaciendasupracafe.com\/en\/servicios-habitacion\/wifi\/\" class=\"cmsmasters_cat_color cmsmasters_cat_62\" rel=\"category tag\">Wifi<\/a><\/span><\/div><\/footer><span class=\"dn meta-date\">20170522101015<\/span>\t<\/div>\r\n<\/article>\r\n<!-- Finish Project Grid Article -->\r\n\r\n<\/div><div class=\"cmsmasters_wrap_more_projects cmsmasters_wrap_more_items\"><\/div><\/div>\n<\/div><\/div>\n<\/div>\n<\/div>\n<\/div>\n<\/div>\n<\/div>\n\n","protected":false},"excerpt":{"rendered":"","protected":false},"author":1,"featured_media":0,"parent":0,"menu_order":0,"comment_status":"closed","ping_status":"closed","template":"","meta":{"footnotes":""},"class_list":["post-17794","page","type-page","status-publish","hentry"],"yoast_head":"<!-- This site is optimized with the Yoast SEO plugin v27.4 - https:\/\/yoast.com\/product\/yoast-seo-wordpress\/ -->\n<title>Habitaciones - hotelhaciendasupracafe.com<\/title>\n<meta name=\"robots\" content=\"index, follow, max-snippet:-1, max-image-preview:large, max-video-preview:-1\" \/>\n<link rel=\"canonical\" href=\"https:\/\/hotelhaciendasupracafe.com\/en\/habitaciones-en-la-naturaleza\/\" \/>\n<meta property=\"og:locale\" content=\"en_US\" \/>\n<meta property=\"og:type\" content=\"article\" \/>\n<meta property=\"og:title\" content=\"Habitaciones - hotelhaciendasupracafe.com\" \/>\n<meta property=\"og:url\" content=\"https:\/\/hotelhaciendasupracafe.com\/en\/habitaciones-en-la-naturaleza\/\" \/>\n<meta property=\"og:site_name\" content=\"hotelhaciendasupracafe.com\" \/>\n<meta name=\"twitter:card\" content=\"summary_large_image\" \/>\n<script type=\"application\/ld+json\" class=\"yoast-schema-graph\">{\"@context\":\"https:\\\/\\\/schema.org\",\"@graph\":[{\"@type\":\"WebPage\",\"@id\":\"https:\\\/\\\/hotelhaciendasupracafe.com\\\/en\\\/habitaciones-en-la-naturaleza\\\/\",\"url\":\"https:\\\/\\\/hotelhaciendasupracafe.com\\\/en\\\/habitaciones-en-la-naturaleza\\\/\",\"name\":\"Habitaciones - hotelhaciendasupracafe.com\",\"isPartOf\":{\"@id\":\"https:\\\/\\\/hotelhaciendasupracafe.com\\\/en\\\/#website\"},\"datePublished\":\"2015-04-30T10:57:47+00:00\",\"breadcrumb\":{\"@id\":\"https:\\\/\\\/hotelhaciendasupracafe.com\\\/en\\\/habitaciones-en-la-naturaleza\\\/#breadcrumb\"},\"inLanguage\":\"en-US\",\"potentialAction\":[{\"@type\":\"ReadAction\",\"target\":[\"https:\\\/\\\/hotelhaciendasupracafe.com\\\/en\\\/habitaciones-en-la-naturaleza\\\/\"]}]},{\"@type\":\"BreadcrumbList\",\"@id\":\"https:\\\/\\\/hotelhaciendasupracafe.com\\\/en\\\/habitaciones-en-la-naturaleza\\\/#breadcrumb\",\"itemListElement\":[{\"@type\":\"ListItem\",\"position\":1,\"name\":\"Home\",\"item\":\"https:\\\/\\\/hotelhaciendasupracafe.com\\\/en\\\/\"},{\"@type\":\"ListItem\",\"position\":2,\"name\":\"Habitaciones\"}]},{\"@type\":\"WebSite\",\"@id\":\"https:\\\/\\\/hotelhaciendasupracafe.com\\\/en\\\/#website\",\"url\":\"https:\\\/\\\/hotelhaciendasupracafe.com\\\/en\\\/\",\"name\":\"hotelhaciendasupracafe.com\",\"description\":\"\",\"publisher\":{\"@id\":\"https:\\\/\\\/hotelhaciendasupracafe.com\\\/en\\\/#organization\"},\"potentialAction\":[{\"@type\":\"SearchAction\",\"target\":{\"@type\":\"EntryPoint\",\"urlTemplate\":\"https:\\\/\\\/hotelhaciendasupracafe.com\\\/en\\\/?s={search_term_string}\"},\"query-input\":{\"@type\":\"PropertyValueSpecification\",\"valueRequired\":true,\"valueName\":\"search_term_string\"}}],\"inLanguage\":\"en-US\"},{\"@type\":\"Organization\",\"@id\":\"https:\\\/\\\/hotelhaciendasupracafe.com\\\/en\\\/#organization\",\"name\":\"hotelhaciendasupracafe.com\",\"url\":\"https:\\\/\\\/hotelhaciendasupracafe.com\\\/en\\\/\",\"logo\":{\"@type\":\"ImageObject\",\"inLanguage\":\"en-US\",\"@id\":\"https:\\\/\\\/hotelhaciendasupracafe.com\\\/en\\\/#\\\/schema\\\/logo\\\/image\\\/\",\"url\":\"https:\\\/\\\/hotelhaciendasupracafe.com\\\/wp-content\\\/uploads\\\/2023\\\/02\\\/logotipo-hacienda-03-1-scaled-e1676378977867.jpg\",\"contentUrl\":\"https:\\\/\\\/hotelhaciendasupracafe.com\\\/wp-content\\\/uploads\\\/2023\\\/02\\\/logotipo-hacienda-03-1-scaled-e1676378977867.jpg\",\"width\":250,\"height\":250,\"caption\":\"hotelhaciendasupracafe.com\"},\"image\":{\"@id\":\"https:\\\/\\\/hotelhaciendasupracafe.com\\\/en\\\/#\\\/schema\\\/logo\\\/image\\\/\"}}]}<\/script>\n<!-- \/ Yoast SEO plugin. -->","yoast_head_json":{"title":"Habitaciones - hotelhaciendasupracafe.com","robots":{"index":"index","follow":"follow","max-snippet":"max-snippet:-1","max-image-preview":"max-image-preview:large","max-video-preview":"max-video-preview:-1"},"canonical":"https:\/\/hotelhaciendasupracafe.com\/en\/habitaciones-en-la-naturaleza\/","og_locale":"en_US","og_type":"article","og_title":"Habitaciones - hotelhaciendasupracafe.com","og_url":"https:\/\/hotelhaciendasupracafe.com\/en\/habitaciones-en-la-naturaleza\/","og_site_name":"hotelhaciendasupracafe.com","twitter_card":"summary_large_image","schema":{"@context":"https:\/\/schema.org","@graph":[{"@type":"WebPage","@id":"https:\/\/hotelhaciendasupracafe.com\/en\/habitaciones-en-la-naturaleza\/","url":"https:\/\/hotelhaciendasupracafe.com\/en\/habitaciones-en-la-naturaleza\/","name":"Habitaciones - hotelhaciendasupracafe.com","isPartOf":{"@id":"https:\/\/hotelhaciendasupracafe.com\/en\/#website"},"datePublished":"2015-04-30T10:57:47+00:00","breadcrumb":{"@id":"https:\/\/hotelhaciendasupracafe.com\/en\/habitaciones-en-la-naturaleza\/#breadcrumb"},"inLanguage":"en-US","potentialAction":[{"@type":"ReadAction","target":["https:\/\/hotelhaciendasupracafe.com\/en\/habitaciones-en-la-naturaleza\/"]}]},{"@type":"BreadcrumbList","@id":"https:\/\/hotelhaciendasupracafe.com\/en\/habitaciones-en-la-naturaleza\/#breadcrumb","itemListElement":[{"@type":"ListItem","position":1,"name":"Home","item":"https:\/\/hotelhaciendasupracafe.com\/en\/"},{"@type":"ListItem","position":2,"name":"Habitaciones"}]},{"@type":"WebSite","@id":"https:\/\/hotelhaciendasupracafe.com\/en\/#website","url":"https:\/\/hotelhaciendasupracafe.com\/en\/","name":"hotelhaciendasupracafe.com","description":"","publisher":{"@id":"https:\/\/hotelhaciendasupracafe.com\/en\/#organization"},"potentialAction":[{"@type":"SearchAction","target":{"@type":"EntryPoint","urlTemplate":"https:\/\/hotelhaciendasupracafe.com\/en\/?s={search_term_string}"},"query-input":{"@type":"PropertyValueSpecification","valueRequired":true,"valueName":"search_term_string"}}],"inLanguage":"en-US"},{"@type":"Organization","@id":"https:\/\/hotelhaciendasupracafe.com\/en\/#organization","name":"hotelhaciendasupracafe.com","url":"https:\/\/hotelhaciendasupracafe.com\/en\/","logo":{"@type":"ImageObject","inLanguage":"en-US","@id":"https:\/\/hotelhaciendasupracafe.com\/en\/#\/schema\/logo\/image\/","url":"https:\/\/hotelhaciendasupracafe.com\/wp-content\/uploads\/2023\/02\/logotipo-hacienda-03-1-scaled-e1676378977867.jpg","contentUrl":"https:\/\/hotelhaciendasupracafe.com\/wp-content\/uploads\/2023\/02\/logotipo-hacienda-03-1-scaled-e1676378977867.jpg","width":250,"height":250,"caption":"hotelhaciendasupracafe.com"},"image":{"@id":"https:\/\/hotelhaciendasupracafe.com\/en\/#\/schema\/logo\/image\/"}}]}},"_links":{"self":[{"href":"https:\/\/hotelhaciendasupracafe.com\/en\/wp-json\/wp\/v2\/pages\/17794","targetHints":{"allow":["GET"]}}],"collection":[{"href":"https:\/\/hotelhaciendasupracafe.com\/en\/wp-json\/wp\/v2\/pages"}],"about":[{"href":"https:\/\/hotelhaciendasupracafe.com\/en\/wp-json\/wp\/v2\/types\/page"}],"author":[{"embeddable":true,"href":"https:\/\/hotelhaciendasupracafe.com\/en\/wp-json\/wp\/v2\/users\/1"}],"replies":[{"embeddable":true,"href":"https:\/\/hotelhaciendasupracafe.com\/en\/wp-json\/wp\/v2\/comments?post=17794"}],"version-history":[{"count":0,"href":"https:\/\/hotelhaciendasupracafe.com\/en\/wp-json\/wp\/v2\/pages\/17794\/revisions"}],"wp:attachment":[{"href":"https:\/\/hotelhaciendasupracafe.com\/en\/wp-json\/wp\/v2\/media?parent=17794"}],"curies":[{"name":"wp","href":"https:\/\/api.w.org\/{rel}","templated":true}]}}